{"id":533,"date":"2013-12-08T11:39:23","date_gmt":"2013-12-08T09:39:23","guid":{"rendered":"http:\/\/www.blogyssee.de\/?page_id=533"},"modified":"2013-12-08T11:44:49","modified_gmt":"2013-12-08T09:44:49","slug":"impressum","status":"publish","type":"page","link":"http:\/\/www.blogyssee.de\/?page_id=533","title":{"rendered":"Impressum"},"content":{"rendered":"<p>Theater Zeppelin, gegr. 1979<br \/>\nVorsitz: Stephanie Grau<br \/>\n2.Vorsitzende: Silke Busse<\/p>\n<p>Sitz des gemeinn\u00fctzigen Vereins:<br \/>\nZeppelin Kinder &amp; Jugendkunst e.V.<br \/>\nKaiser-Friedrich-Ufer 27<br \/>\n20253 Hamburg<br \/>\nTel: 040 422 30 62<\/p>\n<p>Vereinsregister Eintrag beim Amtsgericht Hamburg VR 13108<br \/>\nSteuernummer Finanzamt HH-Nord 17\/452\/09838<br \/>\nAlle Rechte vorbehalten.<\/p>\n<p>Text und Abbildungen sowie deren Anordnung auf der Website unterliegen dem Schutz des Urheberrechts und anderer Schutzgesetze. Unser Angebot enth\u00e4lt Links zu externen Webseiten Dritter, auf deren Inhalte wir keinen Einfluss haben. Deshalb k\u00f6nnen wir f\u00fcr diese fremden Inhalte auch keine Gew\u00e4hr \u00fcbernehmen. F\u00fcr die Inhalte der verlinkten Seiten ist stets der jeweilige Anbieter oder Betreiber der Seiten verantwortlich. Diese Website wurde mit gr\u00f6sstm\u00f6glicher Sorgfalt zusammengestellt. Dennoch wird keine Garantie f\u00fcr die Fehlerfreiheit und Genauigkeit der enthaltenen Informationen \u00fcbernommen. Jegliche Haftung f\u00fcr Sch\u00e4den, die direkt oder indirekt aus der Benutzung dieser Website entstehen, wird ausgeschlossen.<\/p>\n<p>Webdesign: Andrea Keller, WordPress theme: <a href=\"http:\/\/wordpress.org\/themes\/kippis\" target=\"_blank\">kippischild 1.0<br \/>\n<\/a>Illustrationen f\u00fcr die ODYSSE: DM Trocken Illustrationen, <a href=\"http:\/\/www.nillosan-comic.de\/dmtrocken.html\" target=\"_blank\">www.nillosan-comic.de<\/a><\/p>\n","protected":false},"excerpt":{"rendered":"<p>Theater Zeppelin, gegr. 1979 Vorsitz: Stephanie Grau 2.Vorsitzende: Silke Busse Sitz des gemeinn\u00fctzigen Vereins: Zeppelin Kinder &amp; Jugendkunst e.V. Kaiser-Friedrich-Ufer 27 20253 Hamburg Tel: 040 422 30 62 Vereinsregister Eintrag beim Amtsgericht Hamburg VR 13108 Steuernummer Finanzamt HH-Nord 17\/452\/09838 Alle Rechte vorbehalten. Text und Abbildungen sowie deren Anordnung auf der &hellip; <span class=\"continue-reading\"><a href=\"http:\/\/www.blogyssee.de\/?page_id=533\">Weiter lesen <span class=\"meta-nav\">&rarr;<\/span><\/a><\/span><\/p>\n","protected":false},"author":3,"featured_media":0,"parent":0,"menu_order":0,"comment_status":"closed","ping_status":"closed","template":"","meta":[],"_links":{"self":[{"href":"http:\/\/www.blogyssee.de\/index.php?rest_route=\/wp\/v2\/pages\/533"}],"collection":[{"href":"http:\/\/www.blogyssee.de\/index.php?rest_route=\/wp\/v2\/pages"}],"about":[{"href":"http:\/\/www.blogyssee.de\/index.php?rest_route=\/wp\/v2\/types\/page"}],"author":[{"embeddable":true,"href":"http:\/\/www.blogyssee.de\/index.php?rest_route=\/wp\/v2\/users\/3"}],"replies":[{"embeddable":true,"href":"http:\/\/www.blogyssee.de\/index.php?rest_route=%2Fwp%2Fv2%2Fcomments&post=533"}],"version-history":[{"count":4,"href":"http:\/\/www.blogyssee.de\/index.php?rest_route=\/wp\/v2\/pages\/533\/revisions"}],"predecessor-version":[{"id":537,"href":"http:\/\/www.blogyssee.de\/index.php?rest_route=\/wp\/v2\/pages\/533\/revisions\/537"}],"wp:attachment":[{"href":"http:\/\/www.blogyssee.de\/index.php?rest_route=%2Fwp%2Fv2%2Fmedia&parent=533"}],"curies":[{"name":"wp","href":"https:\/\/api.w.org\/{rel}","templated":true}]}}